{"id":4,"date":"2017-02-14T13:33:29","date_gmt":"2017-02-14T13:33:29","guid":{"rendered":"http:\/\/www.schwarzer-milan.org\/blog\/?page_id=4"},"modified":"2025-10-19T18:05:51","modified_gmt":"2025-10-19T16:05:51","slug":"herzlich-willkommen","status":"publish","type":"page","link":"https:\/\/www.schwarzer-milan.org\/blog\/","title":{"rendered":"Herzlich Willkommen"},"content":{"rendered":"\n<h2 class=\"wp-block-heading\">Hallo!<\/h2>\n\n\n\n<div class=\"wp-block-columns is-layout-flex wp-container-core-columns-layout-2 wp-block-columns-is-layout-flex\">\n<div class=\"wp-block-column is-layout-flow wp-block-column-is-layout-flow\" style=\"flex-basis:100%\">\n<div class=\"wp-block-group is-layout-flow wp-block-group-is-layout-flow\"><div class=\"wp-block-group__inner-container\">\n<div class=\"wp-block-columns is-layout-flex wp-container-core-columns-layout-1 wp-block-columns-is-layout-flex\">\n<div class=\"wp-block-column is-layout-flow wp-block-column-is-layout-flow\" style=\"flex-basis:100%\">\n<div class=\"wp-block-group has-white-color has-text-color has-background is-layout-flow wp-block-group-is-layout-flow\" style=\"background-color:#ffcb04\"><div class=\"wp-block-group__inner-container\">\n<p>Herzlich willkommen auf der Webseite des Pfadfinderstammes &#8222;Schwarzer Milan&#8220; aus Bad Kreuznach.<\/p>\n<p>Hier findet Ihr alle Informationen <a href=\"https:\/\/www.schwarzer-milan.org\/blog\/ueber-uns\/\">\u00fcber uns<\/a>, unser <a href=\"https:\/\/www.schwarzer-milan.org\/blog\/unser-gelaende\/\">Pfadfindergel\u00e4nde<\/a> und vor allem \u00fcber den <a href=\"https:\/\/www.schwarzer-milan.org\/blog\/wiederaufbau\/\">Neubau unseres Pfadfinderheims<\/a>.<\/p>\n<\/div><\/div>\n<\/div>\n<\/div>\n<\/div><\/div>\n<\/div>\n<\/div>\n","protected":false},"excerpt":{"rendered":"<p>Hallo! Herzlich willkommen auf der Webseite des Pfadfinderstammes &#8222;Schwarzer Milan&#8220; aus Bad Kreuznach. Hier findet Ihr alle Informationen \u00fcber uns, unser Pfadfindergel\u00e4nde und vor allem \u00fcber den Neubau unseres Pfadfinderheims.<\/p>\n","protected":false},"author":4,"featured_media":0,"parent":0,"menu_order":1,"comment_status":"closed","ping_status":"closed","template":"","meta":{"footnotes":""},"_links":{"self":[{"href":"https:\/\/www.schwarzer-milan.org\/blog\/wp-json\/wp\/v2\/pages\/4"}],"collection":[{"href":"https:\/\/www.schwarzer-milan.org\/blog\/wp-json\/wp\/v2\/pages"}],"about":[{"href":"https:\/\/www.schwarzer-milan.org\/blog\/wp-json\/wp\/v2\/types\/page"}],"author":[{"embeddable":true,"href":"https:\/\/www.schwarzer-milan.org\/blog\/wp-json\/wp\/v2\/users\/4"}],"replies":[{"embeddable":true,"href":"https:\/\/www.schwarzer-milan.org\/blog\/wp-json\/wp\/v2\/comments?post=4"}],"version-history":[{"count":7,"href":"https:\/\/www.schwarzer-milan.org\/blog\/wp-json\/wp\/v2\/pages\/4\/revisions"}],"predecessor-version":[{"id":505,"href":"https:\/\/www.schwarzer-milan.org\/blog\/wp-json\/wp\/v2\/pages\/4\/revisions\/505"}],"wp:attachment":[{"href":"https:\/\/www.schwarzer-milan.org\/blog\/wp-json\/wp\/v2\/media?parent=4"}],"curies":[{"name":"wp","href":"https:\/\/api.w.org\/{rel}","templated":true}]}}