{"id":417,"date":"2024-06-27T13:06:21","date_gmt":"2024-06-27T11:06:21","guid":{"rendered":"https:\/\/www.schwarzer-milan.org\/blog\/?page_id=417"},"modified":"2025-10-21T21:28:06","modified_gmt":"2025-10-21T19:28:06","slug":"wiederaufbau","status":"publish","type":"page","link":"https:\/\/www.schwarzer-milan.org\/blog\/wiederaufbau\/","title":{"rendered":"Neubau unseres eigenen Pfadfinderheims"},"content":{"rendered":"\n<p>Auf unserem <a href=\"https:\/\/www.schwarzer-milan.org\/blog\/unser-gelaende\/\" data-type=\"page\" data-id=\"407\">Gel\u00e4nde an der sch\u00f6nen Guldenbach<\/a> haben schon seit 1980 Generationen von jungen Menschen aus ganz Deutschland und Europa unz\u00e4hlige Lager, Aktionen und auch die w\u00f6chentlichen Gruppenstunden verbracht. Und wer einmal bei den Pfadfindern aktiv war, wei\u00df, was gute Jugendarbeit leisten kann, und wie wichtig die gelebte Freiheit und unmittelbare Selbstwirksamkeit f\u00fcr Kinder und Jugendliche ist.<\/p>\n\n\n\n<p>Auf diesem Gel\u00e4nde stand lange Zeit eine kleine Wochenendh\u00fctte der Verp\u00e4chter, die wir mit deren Erlaubnis mitnutzen durften und in liebevoller Kleinarbeit f\u00fcr unsere Zwecke optimiert haben. Das Haus war von au\u00dfen betrachtet sicher nichts besonderes, aber es war am Ende mit kleiner K\u00fcche, gem\u00fctlichem Tagesraum, zwei kleinen Matratzenlagern und einem kargem Waschraum stets genug f\u00fcr uns. Keine Woche, und so gut wie kein Wochenende sind vergangen, wo nicht durch die d\u00fcnnen Fenster laut geschmetterte Fahrtenlieder, Lachen und wilde Aktivit\u00e4t zu h\u00f6ren waren.<\/p>\n\n\n\n<br\/>\n\n\n\n<figure class=\"wp-block-gallery has-nested-images columns-default is-cropped wp-block-gallery-1 is-layout-flex wp-block-gallery-is-layout-flex\">\n<figure class=\"wp-block-image size-large\"><img loading=\"lazy\" decoding=\"async\" width=\"1944\" height=\"1098\" data-id=\"423\" src=\"https:\/\/www.schwarzer-milan.org\/blog\/wp-content\/uploads\/2024\/06\/79685733_1713883312978397_r-1.jpg\" alt=\"\" class=\"wp-image-423\"\/><\/figure>\n\n\n\n<figure class=\"wp-block-image size-large\"><img loading=\"lazy\" decoding=\"async\" width=\"1944\" height=\"1098\" data-id=\"422\" src=\"https:\/\/www.schwarzer-milan.org\/blog\/wp-content\/uploads\/2024\/06\/79685733_1713878475243185_r-1.jpg\" alt=\"\" class=\"wp-image-422\"\/><\/figure>\n\n\n\n<figure class=\"wp-block-image size-large\"><img loading=\"lazy\" decoding=\"async\" width=\"3534\" height=\"1996\" data-id=\"424\" src=\"https:\/\/www.schwarzer-milan.org\/blog\/wp-content\/uploads\/2024\/06\/79685733_1713878524627945_r-1.jpg\" alt=\"\" class=\"wp-image-424\"\/><\/figure>\n<\/figure>\n\n\n\n<br\/>\n\n\n\n<p>Im Fr\u00fchjahr 2017 ist diese H\u00fctte aus leider nie ganz gekl\u00e4rter Ursache mitten in der Nacht <a href=\"https:\/\/mediathek.vrm.de\/videos\/1561443-bretzenheim-brand-in-pfadfinderhuette\">bei einem Gro\u00dfbrand v\u00f6llig zerst\u00f6rt worden<\/a>. Da das Feuer in der Nacht ausgebrochen ist, wurde der Brand zu sp\u00e4t entdeckt, und trotz des schnellen Einsatzes der Langenlonsheimer und Bretzenheimer Feuerwehren konnte das Geb\u00e4ude nicht mehr gerettet werden und musste kurz darauf abgerissen werden.<\/p>\n\n\n\n<br\/>\n\n\n\n<figure class=\"wp-block-gallery has-nested-images columns-default is-cropped wp-block-gallery-2 is-layout-flex wp-block-gallery-is-layout-flex\">\n<figure class=\"wp-block-image size-large\"><img loading=\"lazy\" decoding=\"async\" width=\"2722\" height=\"1538\" data-id=\"427\" src=\"https:\/\/www.schwarzer-milan.org\/blog\/wp-content\/uploads\/2024\/06\/79685733_171387910197467_r.jpg\" alt=\"\" class=\"wp-image-427\"\/><\/figure>\n\n\n\n<figure class=\"wp-block-image size-large\"><img loading=\"lazy\" decoding=\"async\" width=\"2533\" height=\"1431\" data-id=\"426\" src=\"https:\/\/www.schwarzer-milan.org\/blog\/wp-content\/uploads\/2024\/06\/79685733_1713879090998687_r.jpg\" alt=\"\" class=\"wp-image-426\"\/><\/figure>\n\n\n\n<figure class=\"wp-block-image size-large\"><img loading=\"lazy\" decoding=\"async\" width=\"1024\" height=\"578\" data-id=\"425\" src=\"https:\/\/www.schwarzer-milan.org\/blog\/wp-content\/uploads\/2024\/06\/79685733_1713879128322881_r.jpg\" alt=\"\" class=\"wp-image-425\"\/><\/figure>\n\n\n\n<figure class=\"wp-block-image size-large\"><img loading=\"lazy\" decoding=\"async\" width=\"1024\" height=\"578\" data-id=\"428\" src=\"https:\/\/www.schwarzer-milan.org\/blog\/wp-content\/uploads\/2024\/06\/79685733_1713879140955946_r.jpg\" alt=\"\" class=\"wp-image-428\"\/><\/figure>\n<\/figure>\n\n\n\n<br\/>\n\n\n\n<p>Nat\u00fcrlich ging die Jugendarbeit bei uns weiter &#8211; wir haben uns einen Bauwagen angeschafft, in dem wir bei schlechtem Wetter unsere Gruppenstunden abhalten, und als Pfadfinder sind wir sowieso die meiste Zeit drau\u00dfen. Und trotzdem merken wir immer wieder: es fehlt einfach an allem, vom gem\u00fctlichen Ofen f\u00fcr kalte Tage \u00fcber den Platz zum Spielen und Arbeiten bis hin zum Lagern von Material &#8211; vom Schlafen mit vier W\u00e4nden und einem Dach \u00fcberm Kopf ganz zu schweigen.<\/p>\n\n\n\n<h2 class=\"wp-block-heading\">Wir bauen ein neues Heim<\/h2>\n\n\n\n<p>Schon kurz nach dem Brand war klar, dass der Verp\u00e4chter unseres Gel\u00e4ndes sich nicht in der Lage sieht, ein neues Haus aufzubauen, weshalb wir nun selbst t\u00e4tig werden. Nach jahrelanger \u00dcberlegung, vielem Planen, Antr\u00e4gen und vielem Hoffen und Bangen steht nun endlich fest, dass wir auf der Stelle der alten H\u00fctte ein neues Pfadfinderheim bauen d\u00fcrfen, das dann auch endlich ganz uns geh\u00f6rt.<br>Die Antr\u00e4ge sind in der letzten Runde, und wir sind zuversichtlich, 2026 den ersten Spatenstich tun zu k\u00f6nnen, damit wir uns sp\u00e4testens im Jahr darauf endlich wieder voll und ganz der Jugendarbeit widmen k\u00f6nnen.<\/p>\n\n\n\n<p>Wenn Ihr Euch f\u00fcr den Fortschritt der Aktivit\u00e4ten interessiert, k\u00f6nnt Ihr in unserem Blog das <a href=\"https:\/\/www.schwarzer-milan.org\/blog\/category\/stammesheim\/bautagebuch\/\" data-type=\"link\" data-id=\"https:\/\/www.schwarzer-milan.org\/blog\/category\/stammesheim\/bautagebuch\/\">Bautagebuch<\/a> verfolgen &#8211; schaut doch mal wieder vorbei!<\/p>\n\n\n\n<br\/>\n\n\n\n<figure class=\"wp-block-gallery has-nested-images columns-default is-cropped wp-block-gallery-3 is-layout-flex wp-block-gallery-is-layout-flex\">\n<figure class=\"wp-block-image size-large\"><img loading=\"lazy\" decoding=\"async\" width=\"838\" height=\"474\" data-id=\"430\" src=\"https:\/\/www.schwarzer-milan.org\/blog\/wp-content\/uploads\/2024\/06\/79685733_1719160767520944_r.jpeg\" alt=\"\" class=\"wp-image-430\"\/><\/figure>\n\n\n\n<figure class=\"wp-block-image size-large\"><img loading=\"lazy\" decoding=\"async\" width=\"1080\" height=\"610\" data-id=\"429\" src=\"https:\/\/www.schwarzer-milan.org\/blog\/wp-content\/uploads\/2024\/06\/79685733_1713881203491201_r.jpg\" alt=\"\" class=\"wp-image-429\"\/><\/figure>\n<\/figure>\n\n\n\n<br\/>\n\n\n\n<p>Ihr wollt mehr Details zum geplanten Bau, der Kostensch\u00e4tzung und so weiter? Auch hierzu wird es in K\u00fcrze eine eigene Unterseite geben. <\/p>\n\n\n\n<h2 class=\"wp-block-heading\">Wir brauchen Eure Unterst\u00fctzung!<\/h2>\n\n\n\n<p>Aber eines ist leider auch klar: auch wenn wir die handwerkliche Seite weitestgehend in Eigenleistung mit der Unterst\u00fctzung von Eltern und Freunden des Stammes stemmen werden: als kleiner Verein k\u00f6nnen wir die finanzielle Belastung nicht vollst\u00e4ndig alleine tragen. Um das Haus nach allen baulichen Auflagen und in einem einigerma\u00dfen zukunftsf\u00e4higen Zustand aufzubauen, sind wir auf Spenden angewiesen.<\/p>\n\n\n\n<p>Daher bitten wir alle, die diesen Aufruf lesen: <strong>bitte nehmt Euch ein Herz und helft uns beim Neubau!<\/strong><\/p>\n\n\n\n<p>Wir freuen uns \u00fcber jede Spende auf das <strong>Spendenkonto DE88 5609 0000 0005 1270 94<\/strong> (BIC: GENODE51KRE, Kontoinhaber: Pfadfinder &#8211; F\u00f6rderkeis Langenlonsheim e. V.) oder ganz einfach per QR-Code aus Eurer Banking-App:<\/p>\n\n\n<div class=\"wp-block-image\">\n<figure class=\"aligncenter\"><img decoding=\"async\" src=\"https:\/\/staging.schwarzer-milan.eu\/wp-content\/uploads\/2024\/06\/QR-Code-Spendenkonto.png\" alt=\"\" class=\"wp-image-668\"\/><\/figure><\/div>\n\n\n<p class=\"has-text-align-center\">(bitte gebt im Verwendungszweck auch an, ob wir Euren Namen und \/ oder die H\u00f6he der Spende erw\u00e4hnen d\u00fcrfen)<\/p>\n\n\n\n<p>Jeder Euro z\u00e4hlt, und wir versprechen Euch: jeder Cent geht zu 100% in den Aufbau und damit auch in die gelebte Jugendarbeit. Und als anerkannt gemeinn\u00fctziger Verein k\u00f6nnen wir ab 300 Euro auch Spendenquittungen ausstellen.<\/p>\n\n\n\n<p>Eine Liste unserer gro\u00dfz\u00fcgigen Spender findet Ihr in K\u00fcrze <a href=\"https:\/\/staging.schwarzer-milan.eu\/?page_id=408\" data-type=\"page\" data-id=\"408\">hier<\/a>. Vielen vielen Dank!<\/p>\n\n\n\n<p>Falls Du uns anderweitig (durch Sachspenden, tatkr\u00e4ftiges Mitanpacken etc.) unterst\u00fctzen magst, schick uns doch einfach eine mail: <a href=\"mailto:wiederaufbau@schwarzer-milan.org\">wiederaufbau@schwarzer-milan.org<\/a>.<\/p>\n\n\n\n<p class=\"has-text-align-left\">Es gibt \u00fcbrigens auch eine <a href=\"https:\/\/www.gofundme.com\/f\/nach-vollbrand-wiederaufbau-unseres-pfadfinderheims\" target=\"_blank\" rel=\"noreferrer noopener\">GoFundMe-Kampagne<\/a>. Teilen ist ausdr\u00fccklich erw\u00fcnscht!<\/p>\n\n\n\n<h3 class=\"wp-block-heading\">Spende via PayPal oder mit Kreditkarte \/ Lastschrift<\/h3>\n\n\n\n<p>Falls Ihr lieber auf anderem Wege spenden wollt, k\u00f6nnt Ihr einfach und bequem das unten angezeigte Formular von PayPal nutzen. Es braucht daf\u00fcr kein PayPal-Konto, und wenn sich eine Seite auf Englisch \u00f6ffnet, kann die Sprache ganz unten auf Deutsch umgestellt werden.<\/p>\n\n\n\n<script src=\"https:\/\/www.paypal.com\/sdk\/js?client-id=BAA-SJkQ4XrDOLG9DRTn1HO8A44C78eRcLtwj-QQberEkHpHGSdzPW5fH-msIkSRTwyibr_Kl-kJosceeE&#038;components=hosted-buttons&#038;disable-funding=venmo&#038;currency=EUR\"><\/script>\n<div id=\"paypal-container-CYYJQ3QZNM6BL\"><\/div>\n<script>\n  paypal.HostedButtons({\n    hostedButtonId: \"CYYJQ3QZNM6BL\",\n  }).render(\"#paypal-container-CYYJQ3QZNM6BL\")\n<\/script>\n","protected":false},"excerpt":{"rendered":"<p>Auf unserem Gel\u00e4nde an der sch\u00f6nen Guldenbach haben schon seit 1980 Generationen von jungen Menschen aus ganz Deutschland und Europa unz\u00e4hlige Lager, Aktionen und auch die w\u00f6chentlichen Gruppenstunden verbracht. Und wer einmal bei den Pfadfindern aktiv war, wei\u00df, was gute Jugendarbeit leisten kann, und wie wichtig die gelebte Freiheit und [&hellip;]<\/p>\n","protected":false},"author":4,"featured_media":0,"parent":0,"menu_order":0,"comment_status":"closed","ping_status":"closed","template":"","meta":{"footnotes":""},"_links":{"self":[{"href":"https:\/\/www.schwarzer-milan.org\/blog\/wp-json\/wp\/v2\/pages\/417"}],"collection":[{"href":"https:\/\/www.schwarzer-milan.org\/blog\/wp-json\/wp\/v2\/pages"}],"about":[{"href":"https:\/\/www.schwarzer-milan.org\/blog\/wp-json\/wp\/v2\/types\/page"}],"author":[{"embeddable":true,"href":"https:\/\/www.schwarzer-milan.org\/blog\/wp-json\/wp\/v2\/users\/4"}],"replies":[{"embeddable":true,"href":"https:\/\/www.schwarzer-milan.org\/blog\/wp-json\/wp\/v2\/comments?post=417"}],"version-history":[{"count":17,"href":"https:\/\/www.schwarzer-milan.org\/blog\/wp-json\/wp\/v2\/pages\/417\/revisions"}],"predecessor-version":[{"id":509,"href":"https:\/\/www.schwarzer-milan.org\/blog\/wp-json\/wp\/v2\/pages\/417\/revisions\/509"}],"wp:attachment":[{"href":"https:\/\/www.schwarzer-milan.org\/blog\/wp-json\/wp\/v2\/media?parent=417"}],"curies":[{"name":"wp","href":"https:\/\/api.w.org\/{rel}","templated":true}]}}